{"id":32,"date":"2024-09-22T10:52:12","date_gmt":"2024-09-22T10:52:12","guid":{"rendered":"https:\/\/stupefied-ardinghelli.185-178-193-215.plesk.page\/wordpress\/?page_id=32"},"modified":"2025-05-29T11:15:38","modified_gmt":"2025-05-29T11:15:38","slug":"der-dachverband","status":"publish","type":"page","link":"https:\/\/opelgt-dv.org\/en\/der-dachverband\/","title":{"rendered":"The Federation"},"content":{"rendered":"<div data-elementor-type=\"wp-page\" data-elementor-id=\"32\" class=\"elementor elementor-32\">\n\t\t\t\t<div class=\"elementor-element elementor-element-2bc0097 e-flex e-con-boxed e-con e-parent\" data-id=\"2bc0097\" data-element_type=\"container\" data-e-type=\"container\">\n\t\t\t\t\t<div class=\"e-con-inner\">\n\t\t\t\t<div class=\"elementor-element elementor-element-23f4b0c elementor-widget elementor-widget-heading\" data-id=\"23f4b0c\" data-element_type=\"widget\" data-e-type=\"widget\" data-widget_type=\"heading.default\">\n\t\t\t\t<div class=\"elementor-widget-container\">\n\t\t\t\t\t<h2 class=\"elementor-heading-title elementor-size-default\">Before the federation existed...<\/h2>\t\t\t\t<\/div>\n\t\t\t\t<\/div>\n\t\t\t\t<div class=\"elementor-element elementor-element-1c1e722 elementor-widget elementor-widget-text-editor\" data-id=\"1c1e722\" data-element_type=\"widget\" data-e-type=\"widget\" data-widget_type=\"text-editor.default\">\n\t\t\t\t<div class=\"elementor-widget-container\">\n\t\t\t\t\t\t\t\t\t<p>The first Opel GT Clubs were founded at the end of the 1970s. The first clubs include, for example, the Opel GT Club Nederland and the GT Club Berlin. Over time, more and more companies were founded.\u00a0<\/p><p>The first meetings were also organized. On October 11, 1980, the first major Opel GT meeting took place at the N\u00fcrburgring, which was organized by the GT Club W\u00fcrttemberg and the Opel GT Club Nederland. There were over 400 Opel GTs and almost 1,000 visitors present.<\/p><p>Several clubs emerged from this meeting and contacts became increasingly closer. The \u201cZentralstelle der GT Clubs\" (Central Office of the GT Clubs) was also formed under the leadership of Gerd Krause. The club scene grew bigger and bigger; as early as 1981 there were regular board meetings of the Opel GT Clubs.<\/p><p>From this merger, the \u201cFederation of European Opel GT Clubs\u201d was formed in February 1983.\u00a0<\/p>\t\t\t\t\t\t\t\t<\/div>\n\t\t\t\t<\/div>\n\t\t\t\t<div class=\"elementor-element elementor-element-5c87b52 elementor-widget-divider--view-line elementor-widget elementor-widget-divider\" data-id=\"5c87b52\" data-element_type=\"widget\" data-e-type=\"widget\" data-widget_type=\"divider.default\">\n\t\t\t\t<div class=\"elementor-widget-container\">\n\t\t\t\t\t\t\t<div class=\"elementor-divider\">\n\t\t\t<span class=\"elementor-divider-separator\">\n\t\t\t\t\t\t<\/span>\n\t\t<\/div>\n\t\t\t\t\t\t<\/div>\n\t\t\t\t<\/div>\n\t\t\t\t<div class=\"elementor-element elementor-element-62820eb elementor-widget elementor-widget-heading\" data-id=\"62820eb\" data-element_type=\"widget\" data-e-type=\"widget\" data-widget_type=\"heading.default\">\n\t\t\t\t<div class=\"elementor-widget-container\">\n\t\t\t\t\t<h2 class=\"elementor-heading-title elementor-size-default\">Founding of the federation in 1983<\/h2>\t\t\t\t<\/div>\n\t\t\t\t<\/div>\n\t\t\t\t<div class=\"elementor-element elementor-element-e6bdef3 elementor-widget elementor-widget-text-editor\" data-id=\"e6bdef3\" data-element_type=\"widget\" data-e-type=\"widget\" data-widget_type=\"text-editor.default\">\n\t\t\t\t<div class=\"elementor-widget-container\">\n\t\t\t\t\t\t\t\t\t<p>The two Belgian Opel GT Clubs joined in the spring of 1990. Since the Opel GT Club Nederland was regularly represented, the European umbrella organization was created. As a result, clubs from Switzerland, Alsace and Denmark also joined.\u00a0<\/p><p>Until 2011, the board consisted exclusively of German members, but an international board team was elected in the fall. With the new composition of the board in autumn 2023, an international team was also elected and the European idea continued to be lived.\u00a0<\/p><p>Since autumn 2012, individual drivers have also been able to join the federation as supporting members.\u00a0<\/p><p>The Opel GT Club Sweden joined the federation in 2013 and the Entraide Opel GT (FR) in 2017. Since then, only 30% of the members are German-speaking. Our community includes around 1,400 GT owners from nine countries.<\/p><p>Traditionally, a club affiliated with the federation organizes a large Opel GT meeting at Pentecost.\u00a0 This meeting was initially the \u201cGermany meeting\u201d. Since 1993, this meeting has been known as the \u201cEuropean Meeting\u201d.\u00a0<\/p>\t\t\t\t\t\t\t\t<\/div>\n\t\t\t\t<\/div>\n\t\t\t\t<div class=\"elementor-element elementor-element-ec7d707 elementor-widget-divider--view-line elementor-widget elementor-widget-divider\" data-id=\"ec7d707\" data-element_type=\"widget\" data-e-type=\"widget\" data-widget_type=\"divider.default\">\n\t\t\t\t<div class=\"elementor-widget-container\">\n\t\t\t\t\t\t\t<div class=\"elementor-divider\">\n\t\t\t<span class=\"elementor-divider-separator\">\n\t\t\t\t\t\t<\/span>\n\t\t<\/div>\n\t\t\t\t\t\t<\/div>\n\t\t\t\t<\/div>\n\t\t\t\t\t<\/div>\n\t\t\t\t<\/div>\n\t\t<div class=\"elementor-element elementor-element-c8da3e9 e-flex e-con-boxed e-con e-parent\" data-id=\"c8da3e9\" data-element_type=\"container\" data-e-type=\"container\">\n\t\t\t\t\t<div class=\"e-con-inner\">\n\t\t<div class=\"elementor-element elementor-element-3386a63 e-con-full e-flex e-con e-child\" data-id=\"3386a63\" data-element_type=\"container\" data-e-type=\"container\">\n\t\t\t\t<div class=\"elementor-element elementor-element-2548016 elementor-widget elementor-widget-counter\" data-id=\"2548016\" data-element_type=\"widget\" data-e-type=\"widget\" data-widget_type=\"counter.default\">\n\t\t\t\t<div class=\"elementor-widget-container\">\n\t\t\t\t\t\t\t<div class=\"elementor-counter\">\n\t\t\t<div class=\"elementor-counter-title\">Deutschlandtreffen (Germany Meeting)<\/div>\t\t\t<div class=\"elementor-counter-number-wrapper\">\n\t\t\t\t<span class=\"elementor-counter-number-prefix\"><\/span>\n\t\t\t\t<span class=\"elementor-counter-number\" data-duration=\"1000\" data-to-value=\"12\" data-from-value=\"0\" data-delimiter=\",\">0<\/span>\n\t\t\t\t<span class=\"elementor-counter-number-suffix\"><\/span>\n\t\t\t<\/div>\n\t\t<\/div>\n\t\t\t\t\t\t<\/div>\n\t\t\t\t<\/div>\n\t\t\t\t<div class=\"elementor-element elementor-element-77df0c0 elementor-widget elementor-widget-text-editor\" data-id=\"77df0c0\" data-element_type=\"widget\" data-e-type=\"widget\" data-widget_type=\"text-editor.default\">\n\t\t\t\t<div class=\"elementor-widget-container\">\n\t\t\t\t\t\t\t\t\t<p>1980 &#8211; N\u00fcrburgring\u00a0<\/p><p>1981 &#8211; Ludwigshafen<\/p><p>1982 &#8211; Bremerhaven<\/p><p>1983 &#8211; Sinsheim<\/p><p>1984 &#8211; Lindau \/ Bodensee<\/p><p>1985 &#8211; Hamburg<\/p><p>1986 &#8211; Wahlscheid \/ Aggertal<\/p><p>1987 &#8211; Hardert \/ Westerwald<\/p><p>1988 &#8211; Esslingen<\/p><p>1989 &#8211; Wuppertal<\/p><p>1990 &#8211; Kevelaer \/ Niederrhein<\/p><p>1991 &#8211; M\u00f6nchengladbach<\/p><p>1992 - no meeting because of rally \"Sternfahrt\"\u00a0<\/p>\t\t\t\t\t\t\t\t<\/div>\n\t\t\t\t<\/div>\n\t\t\t\t<\/div>\n\t\t<div class=\"elementor-element elementor-element-a16a16b e-con-full e-flex e-con e-child\" data-id=\"a16a16b\" data-element_type=\"container\" data-e-type=\"container\">\n\t\t\t\t<div class=\"elementor-element elementor-element-d0de9c6 elementor-widget elementor-widget-counter\" data-id=\"d0de9c6\" data-element_type=\"widget\" data-e-type=\"widget\" data-widget_type=\"counter.default\">\n\t\t\t\t<div class=\"elementor-widget-container\">\n\t\t\t\t\t\t\t<div class=\"elementor-counter\">\n\t\t\t<div class=\"elementor-counter-title\">European Meetings<\/div>\t\t\t<div class=\"elementor-counter-number-wrapper\">\n\t\t\t\t<span class=\"elementor-counter-number-prefix\"><\/span>\n\t\t\t\t<span class=\"elementor-counter-number\" data-duration=\"1000\" data-to-value=\"31\" data-from-value=\"0\" data-delimiter=\",\">0<\/span>\n\t\t\t\t<span class=\"elementor-counter-number-suffix\"><\/span>\n\t\t\t<\/div>\n\t\t<\/div>\n\t\t\t\t\t\t<\/div>\n\t\t\t\t<\/div>\n\t\t\t\t<div class=\"elementor-element elementor-element-c35f4c3 elementor-widget elementor-widget-text-editor\" data-id=\"c35f4c3\" data-element_type=\"widget\" data-e-type=\"widget\" data-widget_type=\"text-editor.default\">\n\t\t\t\t<div class=\"elementor-widget-container\">\n\t\t\t\t\t\t\t\t\t<p>1993 &#8211; Lohmar, GT-Club Aggertal<br \/>1994 &#8211; M\u00fclheim-K\u00e4rlich, GT-Club Rhein-Westerwald<br \/>1995 &#8211; R\u00fcsselsheim, GT-Club R\u00fcsselsheim e.V.\u00a0<br \/>1996 &#8211; Berlin, GT-Club Berlin<br \/>1997 &#8211; Arcen, GT-Club Nederland<br \/>1998 &#8211; Speyer, GT-Club Vorderpfalz<br \/>1999 &#8211; Mechelen, Belgian Opel GT Club<br \/>2000 &#8211; Lohmar, GT-Club Aggertal<br \/>2001 &#8211; Speyer, GT-Club Vorderpfalz<br \/>2002 &#8211; Winterswijk, GT-Club Nederland<br \/>2003 &#8211; Saeby, GT-Club Danmark<br \/>2004 &#8211; Wolfenb\u00fcttel, GT-Club Braunschweig e.V.\u00a0<br \/>2005 &#8211; Stove, GT-Club Deutschland \/ Hamburg<br \/>2006 &#8211; Kevelaer, GT-Club Niederrhein<br \/>2007 &#8211; Slaghaaren, GT Club Nederland<br \/>2008 &#8211; Leinfelden, GT-Club W\u00fcrttemberg e.V.<br \/>2009 &#8211; Lohmar, GT-Club Aggertal<br \/>2010 &#8211; R\u00fcsselsheim, GT-Club R\u00fcsselsheim e.V.<br \/>2011 &#8211; Hochdorf \/ Schweiz, GT Plausch Club<br \/>2012 &#8211; Sevenum, GT Club Nederland<br \/>2013 &#8211; Wolfenb\u00fcttel, GT-Club Braunschweig e.V.<br \/>2014 &#8211; Kuralpe, GT IG Bergstra\u00dfe e.V.<br \/>2015 &#8211; Bleckede, Dachverband europ\u00e4ischer Opel GT Clubs<br \/>2016 &#8211; Kirchellen, GT IG Westm\u00fcnsterland<br \/>2017 &#8211; Sevenum, GT Club Nederland<br \/>2018 &#8211; Schuldorf \/ Seeheim, GT IG Bergstra\u00dfe e.V.<br \/>2019 &#8211; Gent, The Belgian Opel GT Club<br \/><span style=\"color: #808080;\">2020 and 2021 - canceled due to Covid-19<\/span><br \/>2022 &#8211; Middelfart, GT Club Danmark<br \/>2023 &#8211; Ramsei, Opel GT Club Schweiz<br \/>2024 &#8211; Kuralpe, GT IG Bergstra\u00dfe e.V.\u00a0<br \/>2025 &#8211; Le Mans, Entraide Opel GT<\/p>\t\t\t\t\t\t\t\t<\/div>\n\t\t\t\t<\/div>\n\t\t\t\t<\/div>\n\t\t\t\t\t<\/div>\n\t\t\t\t<\/div>\n\t\t\t\t<\/div>","protected":false},"excerpt":{"rendered":"<p>Bevor es den Dachverband gab&#8230; Bereits Ende der 1970er Jahre haben sich die ersten Opel GT Clubs gegr\u00fcndet. Zu den ersten Clubs z\u00e4hlen beispielsweise der Opel GT Club Nederland und der GT Club Berlin. Mit der Zeit erfolgten immer mehr Gr\u00fcndungen.\u00a0 Auch die ersten Treffen wurden organisiert. Am 11. Oktober 1980 fand das erste gro\u00dfe [&hellip;]<\/p>\n","protected":false},"author":1,"featured_media":0,"parent":0,"menu_order":0,"comment_status":"closed","ping_status":"closed","template":"","meta":{"footnotes":""},"class_list":["post-32","page","type-page","status-publish","hentry"],"_links":{"self":[{"href":"https:\/\/opelgt-dv.org\/en\/wp-json\/wp\/v2\/pages\/32","targetHints":{"allow":["GET"]}}],"collection":[{"href":"https:\/\/opelgt-dv.org\/en\/wp-json\/wp\/v2\/pages"}],"about":[{"href":"https:\/\/opelgt-dv.org\/en\/wp-json\/wp\/v2\/types\/page"}],"author":[{"embeddable":true,"href":"https:\/\/opelgt-dv.org\/en\/wp-json\/wp\/v2\/users\/1"}],"replies":[{"embeddable":true,"href":"https:\/\/opelgt-dv.org\/en\/wp-json\/wp\/v2\/comments?post=32"}],"version-history":[{"count":34,"href":"https:\/\/opelgt-dv.org\/en\/wp-json\/wp\/v2\/pages\/32\/revisions"}],"predecessor-version":[{"id":376,"href":"https:\/\/opelgt-dv.org\/en\/wp-json\/wp\/v2\/pages\/32\/revisions\/376"}],"wp:attachment":[{"href":"https:\/\/opelgt-dv.org\/en\/wp-json\/wp\/v2\/media?parent=32"}],"curies":[{"name":"wp","href":"https:\/\/api.w.org\/{rel}","templated":true}]}}